{"id":6,"date":"2024-02-07T03:38:38","date_gmt":"2024-02-07T03:38:38","guid":{"rendered":"https:\/\/jemedicomercializadora.com\/?page_id=6"},"modified":"2025-06-13T03:49:02","modified_gmt":"2025-06-13T03:49:02","slug":"home","status":"publish","type":"page","link":"https:\/\/jemedicomercializadora.com\/","title":{"rendered":"Inicio"},"content":{"rendered":"\n<div style=\"background-image:url(&#039;http:\/\/jemedicomercializadora.com\/wp-content\/uploads\/2024\/02\/364f6761-2519-4209-91e2-21d76807ccf1.jpeg&#039;);background-size:cover;\" class=\"inherit-container-width wp-block-group alignwide has-ast-global-color-0-background-color has-background is-layout-constrained wp-block-group-is-layout-constrained\">\n<div class=\"wp-block-media-text alignwide has-media-on-the-right is-stacked-on-mobile is-vertically-aligned-center has-ast-global-color-0-background-color has-background\" style=\"grid-template-columns:auto 43%\"><div class=\"wp-block-media-text__content\">\n<h3 class=\"wp-block-heading has-text-align-left has-white-color has-text-color\">JEMEDI<\/h3>\n\n\n\n<p class=\"has-ast-global-color-5-color has-text-color has-link-color wp-elements-e9a38093706a59747b1d958ea561caea\"><strong>Distribuci\u00f3n de Medicamentos<\/strong><\/p>\n<\/div><figure class=\"wp-block-media-text__media\"><img loading=\"lazy\" decoding=\"async\" width=\"983\" height=\"667\" src=\"http:\/\/jemedicomercializadora.com\/wp-content\/uploads\/2024\/10\/image.jpg\" alt=\"\" class=\"wp-image-11624 size-full\" srcset=\"https:\/\/jemedicomercializadora.com\/wp-content\/uploads\/2024\/10\/image.jpg 983w, https:\/\/jemedicomercializadora.com\/wp-content\/uploads\/2024\/10\/image-300x204.jpg 300w, https:\/\/jemedicomercializadora.com\/wp-content\/uploads\/2024\/10\/image-768x521.jpg 768w, https:\/\/jemedicomercializadora.com\/wp-content\/uploads\/2024\/10\/image-600x407.jpg 600w\" sizes=\"auto, (max-width: 983px) 100vw, 983px\" \/><\/figure><\/div>\n<\/div>\n\n\n\n<div class=\"wp-block-group alignfull has-ast-global-color-5-background-color has-background is-layout-constrained wp-container-core-group-is-layout-9cedb757 wp-block-group-is-layout-constrained\" style=\"padding-bottom:0px\">\n<div class=\"wp-block-columns are-vertically-aligned-top is-layout-flex wp-container-core-columns-is-layout-00723822 wp-block-columns-is-layout-flex\">\n<div class=\"wp-block-column is-vertically-aligned-top is-layout-flow wp-container-core-column-is-layout-6b73ce23 wp-block-column-is-layout-flow\">\n<figure class=\"wp-block-image size-large\"><img decoding=\"async\" src=\"https:\/\/jemedicomercializadora.com\/wp-content\/themes\/astra\/inc\/assets\/images\/starter-content\/building.svg\" alt=\"\" class=\"wp-image-134\"\/><\/figure>\n\n\n\n<h3 class=\"wp-block-heading has-text-align-left\" style=\"margin-top:16px\">Confiable<\/h3>\n\n\n\n<p class=\"has-text-align-left\"><\/p>\n<\/div>\n\n\n\n<div class=\"wp-block-column is-vertically-aligned-top is-layout-flow wp-container-core-column-is-layout-6b73ce23 wp-block-column-is-layout-flow\">\n<figure class=\"wp-block-image size-large\"><img decoding=\"async\" src=\"https:\/\/jemedicomercializadora.com\/wp-content\/themes\/astra\/inc\/assets\/images\/starter-content\/shopping-bag.svg\" alt=\"\" class=\"wp-image-135\"\/><\/figure>\n\n\n\n<h3 class=\"wp-block-heading has-text-align-left\" style=\"margin-top:16px\">Envios Gratis<\/h3>\n\n\n\n<p class=\"has-text-align-left\">Envios a toda la republica. Aplica restricciones<\/p>\n<\/div>\n\n\n\n<div class=\"wp-block-column is-vertically-aligned-top is-layout-flow wp-container-core-column-is-layout-6b73ce23 wp-block-column-is-layout-flow\">\n<figure class=\"wp-block-image size-large\"><img decoding=\"async\" src=\"https:\/\/jemedicomercializadora.com\/wp-content\/themes\/astra\/inc\/assets\/images\/starter-content\/blog.svg\" alt=\"\" class=\"wp-image-136\"\/><\/figure>\n\n\n\n<h3 class=\"wp-block-heading has-text-align-left\" style=\"margin-top:16px\">Pago Seguro<\/h3>\n\n\n\n<p class=\"has-text-align-left\"><\/p>\n<\/div>\n\n\n\n<div class=\"wp-block-column is-vertically-aligned-top is-layout-flow wp-container-core-column-is-layout-6b73ce23 wp-block-column-is-layout-flow\">\n<figure class=\"wp-block-image size-large\"><img decoding=\"async\" src=\"https:\/\/jemedicomercializadora.com\/wp-content\/themes\/astra\/inc\/assets\/images\/starter-content\/portfolio.svg\" alt=\"\" class=\"wp-image-137\"\/><\/figure>\n\n\n\n<h3 class=\"wp-block-heading has-text-align-left\" style=\"margin-top:16px\">Soporte 24\/7<\/h3>\n\n\n\n<p class=\"has-text-align-left\"><\/p>\n<\/div>\n<\/div>\n<\/div>\n\n\n\n<div class=\"wp-block-group alignfull is-layout-constrained wp-container-core-group-is-layout-45b0ac4f wp-block-group-is-layout-constrained\" id=\"services\" style=\"padding-top:144px;padding-bottom:0px\">\n<h2 class=\"wp-block-heading\"><\/h2>\n\n\n\n<div class=\"wp-block-columns is-layout-flex wp-container-core-columns-is-layout-60cbf9bb wp-block-columns-is-layout-flex\" style=\"margin-top:50px\">\n<div class=\"wp-block-column is-layout-flow wp-container-core-column-is-layout-6b73ce23 wp-block-column-is-layout-flow\">\n<figure class=\"wp-block-image size-full\"><img decoding=\"async\" src=\"https:\/\/jemedicomercializadora.com\/wp-content\/uploads\/2025\/03\/SEND.png\" alt=\"\" class=\"wp-image-13329\"\/><\/figure>\n\n\n\n<h3 class=\"wp-block-heading\" style=\"margin-top:16px\"><\/h3>\n\n\n\n<p><\/p>\n<\/div>\n\n\n\n<div class=\"wp-block-column is-layout-flow wp-container-core-column-is-layout-6b73ce23 wp-block-column-is-layout-flow\">\n<figure class=\"wp-block-image size-full is-resized is-style-default\"><img loading=\"lazy\" decoding=\"async\" width=\"940\" height=\"788\" src=\"https:\/\/jemedicomercializadora.com\/wp-content\/uploads\/2024\/02\/DHL-1.jpg\" alt=\"\" class=\"wp-image-920\" style=\"width:382px;height:auto\" srcset=\"https:\/\/jemedicomercializadora.com\/wp-content\/uploads\/2024\/02\/DHL-1.jpg 940w, https:\/\/jemedicomercializadora.com\/wp-content\/uploads\/2024\/02\/DHL-1-300x251.jpg 300w, https:\/\/jemedicomercializadora.com\/wp-content\/uploads\/2024\/02\/DHL-1-768x644.jpg 768w, https:\/\/jemedicomercializadora.com\/wp-content\/uploads\/2024\/02\/DHL-1-600x503.jpg 600w\" sizes=\"auto, (max-width: 940px) 100vw, 940px\" \/><\/figure>\n\n\n\n<h3 class=\"wp-block-heading\" style=\"margin-top:16px\"><\/h3>\n\n\n\n<p><\/p>\n<\/div>\n\n\n\n<div class=\"wp-block-column is-layout-flow wp-container-core-column-is-layout-6b73ce23 wp-block-column-is-layout-flow\">\n<figure class=\"wp-block-image size-full\"><img loading=\"lazy\" decoding=\"async\" width=\"940\" height=\"788\" src=\"http:\/\/jemedicomercializadora.com\/wp-content\/uploads\/2025\/06\/picture-Recovered-1.png\" alt=\"\" class=\"wp-image-15060\" srcset=\"https:\/\/jemedicomercializadora.com\/wp-content\/uploads\/2025\/06\/picture-Recovered-1.png 940w, https:\/\/jemedicomercializadora.com\/wp-content\/uploads\/2025\/06\/picture-Recovered-1-300x251.png 300w, https:\/\/jemedicomercializadora.com\/wp-content\/uploads\/2025\/06\/picture-Recovered-1-768x644.png 768w, https:\/\/jemedicomercializadora.com\/wp-content\/uploads\/2025\/06\/picture-Recovered-1-600x503.png 600w\" sizes=\"auto, (max-width: 940px) 100vw, 940px\" \/><\/figure>\n\n\n\n<h3 class=\"wp-block-heading\" style=\"margin-top:16px\"><\/h3>\n\n\n\n<p><\/p>\n<\/div>\n<\/div>\n<\/div>\n\n\n\n<div class=\"wp-block-group alignfull has-ast-global-color-5-background-color has-background is-layout-constrained wp-container-core-group-is-layout-94d206d0 wp-block-group-is-layout-constrained\" id=\"about\" style=\"padding-top:143px;padding-bottom:144px\">\n<div class=\"wp-block-media-text has-media-on-the-right is-stacked-on-mobile is-vertically-aligned-center\"><div class=\"wp-block-media-text__content\">\n<div class=\"inherit-container-width wp-block-group is-layout-constrained wp-container-core-group-is-layout-47ce07ec wp-block-group-is-layout-constrained\" style=\"padding-right:80px\">\n<h2 class=\"wp-block-heading\" style=\"padding-right:40px\">Visi\u00f3n<\/h2>\n\n\n\n<p>Ser una empresa l\u00edder en la comercializaci\u00f3n farmac\u00e9utica comprometida con la responsabilidad social cubriendo los requerimientos y preferencia de nuestros clientes llegando a cualquier parte del pa\u00eds con un abastecimiento rentable y sostenido.<\/p>\n\n\n\n<p><\/p>\n<\/div>\n<\/div><figure class=\"wp-block-media-text__media\"><img loading=\"lazy\" decoding=\"async\" width=\"1024\" height=\"1024\" src=\"https:\/\/jemedicomercializadora.com\/wp-content\/uploads\/2024\/02\/valores-1024x1024.jpeg\" alt=\"\" class=\"wp-image-931 size-full\" srcset=\"https:\/\/jemedicomercializadora.com\/wp-content\/uploads\/2024\/02\/valores-1024x1024.jpeg 1024w, https:\/\/jemedicomercializadora.com\/wp-content\/uploads\/2024\/02\/valores-300x300.jpeg 300w, https:\/\/jemedicomercializadora.com\/wp-content\/uploads\/2024\/02\/valores-150x150.jpeg 150w, https:\/\/jemedicomercializadora.com\/wp-content\/uploads\/2024\/02\/valores-768x768.jpeg 768w, https:\/\/jemedicomercializadora.com\/wp-content\/uploads\/2024\/02\/valores-600x600.jpeg 600w, https:\/\/jemedicomercializadora.com\/wp-content\/uploads\/2024\/02\/valores-100x100.jpeg 100w, https:\/\/jemedicomercializadora.com\/wp-content\/uploads\/2024\/02\/valores.jpeg 1185w\" sizes=\"auto, (max-width: 1024px) 100vw, 1024px\" \/><\/figure><\/div>\n<\/div>\n\n\n\n<div class=\"wp-block-group alignfull has-ast-global-color-4-background-color has-background is-layout-constrained wp-container-core-group-is-layout-6a2cfb7b wp-block-group-is-layout-constrained\" id=\"reviews\">\n<figure class=\"wp-block-image aligncenter size-full\"><img loading=\"lazy\" decoding=\"async\" width=\"622\" height=\"614\" src=\"https:\/\/jemedicomercializadora.com\/wp-content\/uploads\/2025\/03\/2.jpeg\" alt=\"\" class=\"wp-image-13331\" srcset=\"https:\/\/jemedicomercializadora.com\/wp-content\/uploads\/2025\/03\/2.jpeg 622w, https:\/\/jemedicomercializadora.com\/wp-content\/uploads\/2025\/03\/2-300x296.jpeg 300w, https:\/\/jemedicomercializadora.com\/wp-content\/uploads\/2025\/03\/2-600x592.jpeg 600w, https:\/\/jemedicomercializadora.com\/wp-content\/uploads\/2025\/03\/2-100x100.jpeg 100w\" sizes=\"auto, (max-width: 622px) 100vw, 622px\" \/><\/figure>\n\n\n\n<p class=\"has-text-align-center\" style=\"font-size:22px;line-height:1.6\">Somos Distribuidores de Farmacos, con a\u00f1os de experiencia en el mercado,&nbsp; tenemos atenci\u00f3n personalizada para Medicos,&nbsp; Farmacias,&nbsp; Hospitales, Clinicas,&nbsp; Empresas y Gobierno.<br><br>Hacemos entregas personales en los estados:<br>-Morelos<br>-Estado de Mex\u00edco<br>-Puebla<br>-Tlaxcala<br>-Veracruz<br>-Oaxaca<br>-Guerrero<br><br>Y envios al resto del pais por medio de DHL<\/p>\n\n\n\n<p class=\"has-text-align-center\"><\/p>\n<\/div>\n\n\n\n<div class=\"wp-block-group alignfull is-layout-constrained wp-container-core-group-is-layout-3fee123f wp-block-group-is-layout-constrained\" id=\"whyus\" style=\"padding-top:144px;padding-bottom:144px\">\n<h2 class=\"wp-block-heading\">Informaci\u00f3n Bancaria<\/h2>\n\n\n\n<div class=\"wp-block-columns is-layout-flex wp-container-core-columns-is-layout-29aadeec wp-block-columns-is-layout-flex\" style=\"margin-top:60px\">\n<div class=\"wp-block-column is-layout-flow wp-container-core-column-is-layout-6b73ce23 wp-block-column-is-layout-flow\">\n<h3 class=\"wp-block-heading\" style=\"margin-top:16px\">BBVA<\/h3>\n\n\n\n<p>No. Cuenta: 0117572034<\/p>\n\n\n\n<p>No. Clabe: 012650001175720348<\/p>\n<\/div>\n\n\n\n<div class=\"wp-block-column is-layout-flow wp-container-core-column-is-layout-6b73ce23 wp-block-column-is-layout-flow\">\n<h3 class=\"wp-block-heading\" style=\"margin-top:16px\"><\/h3>\n\n\n\n<p><\/p>\n\n\n\n<p><\/p>\n<\/div>\n\n\n\n<div class=\"wp-block-column is-layout-flow wp-container-core-column-is-layout-6b73ce23 wp-block-column-is-layout-flow\">\n<h3 class=\"wp-block-heading\" style=\"margin-top:16px\"><\/h3>\n\n\n\n<p><\/p>\n\n\n\n<p><\/p>\n<\/div>\n\n\n\n<div class=\"wp-block-column is-layout-flow wp-container-core-column-is-layout-6b73ce23 wp-block-column-is-layout-flow\">\n<h3 class=\"wp-block-heading\" style=\"margin-top:16px\"><\/h3>\n\n\n\n<p><\/p>\n\n\n\n<p><\/p>\n<\/div>\n<\/div>\n<\/div>\n\n\n\n<div><iframe src=\"https:\/\/maps.google.com\/maps?q=CALLE+TLAXCALA+NO.+13-1+BARRIO+EL+CALVARIO+C.P.+72700+SAN+JUAN+CUAUTLANCINGO%2C+PUEBLA.&amp;z=12&amp;t=m&amp;output=embed\" style=\"border:0;height:300px;width:100%\"><\/iframe><\/div>\n\n\n\n<div class=\"wp-block-group alignfull has-ast-global-color-0-background-color has-background is-layout-constrained wp-container-core-group-is-layout-cfcca693 wp-block-group-is-layout-constrained\" id=\"contact\" style=\"padding-top:104px;padding-bottom:104px\">\n<h4 class=\"wp-block-heading has-text-align-center has-text-color\" style=\"color:#ffffff\">CALLE TLAXCALA NO. 13-1 BARRIO EL CALVARIO C.P. 72700 SAN JUAN CUAUTLANCINGO, PUEBLA.<\/h4>\n\n\n\n<ul class=\"wp-block-social-links has-huge-icon-size is-style-default is-layout-flex wp-block-social-links-is-layout-flex\"><li class=\"wp-social-link wp-social-link-whatsapp  wp-block-social-link\"><a href=\"https:\/\/api.whatsapp.com\/send?phone=7351515887&#038;text=Quisiera%20informacion\" class=\"wp-block-social-link-anchor\"><svg width=\"24\" height=\"24\" viewBox=\"0 0 24 24\" version=\"1.1\" xmlns=\"http:\/\/www.w3.org\/2000\/svg\" aria-hidden=\"true\" focusable=\"false\"><path d=\"M 12.011719 2 C 6.5057187 2 2.0234844 6.478375 2.0214844 11.984375 C 2.0204844 13.744375 2.4814687 15.462563 3.3554688 16.976562 L 2 22 L 7.2324219 20.763672 C 8.6914219 21.559672 10.333859 21.977516 12.005859 21.978516 L 12.009766 21.978516 C 17.514766 21.978516 21.995047 17.499141 21.998047 11.994141 C 22.000047 9.3251406 20.962172 6.8157344 19.076172 4.9277344 C 17.190172 3.0407344 14.683719 2.001 12.011719 2 z M 12.009766 4 C 14.145766 4.001 16.153109 4.8337969 17.662109 6.3417969 C 19.171109 7.8517969 20.000047 9.8581875 19.998047 11.992188 C 19.996047 16.396187 16.413812 19.978516 12.007812 19.978516 C 10.674812 19.977516 9.3544062 19.642812 8.1914062 19.007812 L 7.5175781 18.640625 L 6.7734375 18.816406 L 4.8046875 19.28125 L 5.2851562 17.496094 L 5.5019531 16.695312 L 5.0878906 15.976562 C 4.3898906 14.768562 4.0204844 13.387375 4.0214844 11.984375 C 4.0234844 7.582375 7.6067656 4 12.009766 4 z M 8.4765625 7.375 C 8.3095625 7.375 8.0395469 7.4375 7.8105469 7.6875 C 7.5815469 7.9365 6.9355469 8.5395781 6.9355469 9.7675781 C 6.9355469 10.995578 7.8300781 12.182609 7.9550781 12.349609 C 8.0790781 12.515609 9.68175 15.115234 12.21875 16.115234 C 14.32675 16.946234 14.754891 16.782234 15.212891 16.740234 C 15.670891 16.699234 16.690438 16.137687 16.898438 15.554688 C 17.106437 14.971687 17.106922 14.470187 17.044922 14.367188 C 16.982922 14.263188 16.816406 14.201172 16.566406 14.076172 C 16.317406 13.951172 15.090328 13.348625 14.861328 13.265625 C 14.632328 13.182625 14.464828 13.140625 14.298828 13.390625 C 14.132828 13.640625 13.655766 14.201187 13.509766 14.367188 C 13.363766 14.534188 13.21875 14.556641 12.96875 14.431641 C 12.71875 14.305641 11.914938 14.041406 10.960938 13.191406 C 10.218937 12.530406 9.7182656 11.714844 9.5722656 11.464844 C 9.4272656 11.215844 9.5585938 11.079078 9.6835938 10.955078 C 9.7955938 10.843078 9.9316406 10.663578 10.056641 10.517578 C 10.180641 10.371578 10.223641 10.267562 10.306641 10.101562 C 10.389641 9.9355625 10.347156 9.7890625 10.285156 9.6640625 C 10.223156 9.5390625 9.737625 8.3065 9.515625 7.8125 C 9.328625 7.3975 9.131125 7.3878594 8.953125 7.3808594 C 8.808125 7.3748594 8.6425625 7.375 8.4765625 7.375 z\"><\/path><\/svg><span class=\"wp-block-social-link-label screen-reader-text\">WhatsApp<\/span><\/a><\/li>\n\n<li class=\"wp-social-link wp-social-link-facebook  wp-block-social-link\"><a href=\"https:\/\/www.facebook.com\/profile.php?id=100089276570784\" class=\"wp-block-social-link-anchor\"><svg width=\"24\" height=\"24\" viewBox=\"0 0 24 24\" version=\"1.1\" xmlns=\"http:\/\/www.w3.org\/2000\/svg\" aria-hidden=\"true\" focusable=\"false\"><path d=\"M12 2C6.5 2 2 6.5 2 12c0 5 3.7 9.1 8.4 9.9v-7H7.9V12h2.5V9.8c0-2.5 1.5-3.9 3.8-3.9 1.1 0 2.2.2 2.2.2v2.5h-1.3c-1.2 0-1.6.8-1.6 1.6V12h2.8l-.4 2.9h-2.3v7C18.3 21.1 22 17 22 12c0-5.5-4.5-10-10-10z\"><\/path><\/svg><span class=\"wp-block-social-link-label screen-reader-text\">Facebook<\/span><\/a><\/li><\/ul>\n<\/div>\n","protected":false},"excerpt":{"rendered":"<p>JEMEDI Distribuci\u00f3n de Medicamentos Confiable Envios Gratis Envios a toda la republica. Aplica restricciones Pago Seguro Soporte 24\/7 Visi\u00f3n Ser [&hellip;]<\/p>\n","protected":false},"author":1,"featured_media":0,"parent":0,"menu_order":0,"comment_status":"closed","ping_status":"closed","template":"","meta":{"site-sidebar-layout":"no-sidebar","site-content-layout":"plain-container","ast-site-content-layout":"default","site-content-style":"default","site-sidebar-style":"default","ast-global-header-display":"","ast-banner-title-visibility":"","ast-main-header-display":"","ast-hfb-above-header-display":"","ast-hfb-below-header-display":"","ast-hfb-mobile-header-display":"","site-post-title":"disabled","ast-breadcrumbs-content":"","ast-featured-img":"","footer-sml-layout":"","theme-transparent-header-meta":"enabled","adv-header-id-meta":"","stick-header-meta":"","header-above-stick-meta":"","header-main-stick-meta":"","header-below-stick-meta":"","astra-migrate-meta-layouts":"default","ast-page-background-enabled":"default","ast-page-background-meta":{"desktop":{"background-color":"var(--ast-global-color-4)","background-image":"","background-repeat":"repeat","background-position":"center center","background-size":"auto","background-attachment":"scroll","background-type":"","background-media":"","overlay-type":"","overlay-color":"","overlay-opacity":"","overlay-gradient":""},"tablet":{"background-color":"","background-image":"","background-repeat":"repeat","background-position":"center center","background-size":"auto","background-attachment":"scroll","background-type":"","background-media":"","overlay-type":"","overlay-color":"","overlay-opacity":"","overlay-gradient":""},"mobile":{"background-color":"","background-image":"","background-repeat":"repeat","background-position":"center center","background-size":"auto","background-attachment":"scroll","background-type":"","background-media":"","overlay-type":"","overlay-color":"","overlay-opacity":"","overlay-gradient":""}},"ast-content-background-meta":{"desktop":{"background-color":"var(--ast-global-color-5)","background-image":"","background-repeat":"repeat","background-position":"center center","background-size":"auto","background-attachment":"scroll","background-type":"","background-media":"","overlay-type":"","overlay-color":"","overlay-opacity":"","overlay-gradient":""},"tablet":{"background-color":"var(--ast-global-color-5)","background-image":"","background-repeat":"repeat","background-position":"center center","background-size":"auto","background-attachment":"scroll","background-type":"","background-media":"","overlay-type":"","overlay-color":"","overlay-opacity":"","overlay-gradient":""},"mobile":{"background-color":"var(--ast-global-color-5)","background-image":"","background-repeat":"repeat","background-position":"center center","background-size":"auto","background-attachment":"scroll","background-type":"","background-media":"","overlay-type":"","overlay-color":"","overlay-opacity":"","overlay-gradient":""}},"_joinchat":[],"footnotes":""},"class_list":["post-6","page","type-page","status-publish","hentry"],"_links":{"self":[{"href":"https:\/\/jemedicomercializadora.com\/index.php\/wp-json\/wp\/v2\/pages\/6","targetHints":{"allow":["GET"]}}],"collection":[{"href":"https:\/\/jemedicomercializadora.com\/index.php\/wp-json\/wp\/v2\/pages"}],"about":[{"href":"https:\/\/jemedicomercializadora.com\/index.php\/wp-json\/wp\/v2\/types\/page"}],"author":[{"embeddable":true,"href":"https:\/\/jemedicomercializadora.com\/index.php\/wp-json\/wp\/v2\/users\/1"}],"replies":[{"embeddable":true,"href":"https:\/\/jemedicomercializadora.com\/index.php\/wp-json\/wp\/v2\/comments?post=6"}],"version-history":[{"count":44,"href":"https:\/\/jemedicomercializadora.com\/index.php\/wp-json\/wp\/v2\/pages\/6\/revisions"}],"predecessor-version":[{"id":15064,"href":"https:\/\/jemedicomercializadora.com\/index.php\/wp-json\/wp\/v2\/pages\/6\/revisions\/15064"}],"wp:attachment":[{"href":"https:\/\/jemedicomercializadora.com\/index.php\/wp-json\/wp\/v2\/media?parent=6"}],"curies":[{"name":"wp","href":"https:\/\/api.w.org\/{rel}","templated":true}]}}